{"id":79,"date":"2025-11-07T16:09:42","date_gmt":"2025-11-07T16:09:42","guid":{"rendered":"https:\/\/www.ferraligna.de\/?page_id=79"},"modified":"2025-11-11T18:00:33","modified_gmt":"2025-11-11T18:00:33","slug":"home","status":"publish","type":"page","link":"https:\/\/www.ferraligna.de\/","title":{"rendered":"Home"},"content":{"rendered":"\t\t<div data-elementor-type=\"wp-page\" data-elementor-id=\"79\" class=\"elementor elementor-79\" data-elementor-post-type=\"page\">\n\t\t\t\t<div class=\"elementor-element elementor-element-fac45d9 e-con-full e-flex e-con e-parent\" data-id=\"fac45d9\" data-element_type=\"container\" data-e-type=\"container\">\n\t\t<div class=\"elementor-element elementor-element-c693396 e-con-full e-flex e-con e-child\" data-id=\"c693396\" data-element_type=\"container\" data-e-type=\"container\" data-settings=\"{&quot;background_background&quot;:&quot;slideshow&quot;,&quot;background_slideshow_gallery&quot;:[{&quot;id&quot;:43,&quot;url&quot;:&quot;https:\\\/\\\/www.ferraligna.de\\\/wp-content\\\/uploads\\\/2025\\\/11\\\/ferra.ligna_Kochbuchhalter_003_exp.jpg&quot;},{&quot;id&quot;:52,&quot;url&quot;:&quot;https:\\\/\\\/www.ferraligna.de\\\/wp-content\\\/uploads\\\/2025\\\/11\\\/ferra.ligna_Kochbuchhalter_012_exp.jpg&quot;},{&quot;id&quot;:50,&quot;url&quot;:&quot;https:\\\/\\\/www.ferraligna.de\\\/wp-content\\\/uploads\\\/2025\\\/11\\\/ferra.ligna_Kochbuchhalter_010_exp.jpg&quot;}],&quot;background_slideshow_slide_duration&quot;:6000,&quot;background_slideshow_ken_burns&quot;:&quot;yes&quot;,&quot;background_slideshow_ken_burns_zoom_direction&quot;:&quot;out&quot;,&quot;background_slideshow_lazyload&quot;:&quot;yes&quot;,&quot;background_slideshow_transition_duration&quot;:1000,&quot;background_slideshow_loop&quot;:&quot;yes&quot;,&quot;background_slideshow_slide_transition&quot;:&quot;fade&quot;}\">\n\t\t<div class=\"elementor-element elementor-element-a7af496 e-con-full e-flex e-con e-child\" data-id=\"a7af496\" data-element_type=\"container\" data-e-type=\"container\" data-settings=\"{&quot;motion_fx_motion_fx_scrolling&quot;:&quot;yes&quot;,&quot;motion_fx_translateY_effect&quot;:&quot;yes&quot;,&quot;motion_fx_translateY_speed&quot;:{&quot;unit&quot;:&quot;px&quot;,&quot;size&quot;:1,&quot;sizes&quot;:[]},&quot;motion_fx_translateY_affectedRange&quot;:{&quot;unit&quot;:&quot;%&quot;,&quot;size&quot;:&quot;&quot;,&quot;sizes&quot;:{&quot;start&quot;:0,&quot;end&quot;:100}},&quot;motion_fx_devices&quot;:[&quot;desktop&quot;,&quot;tablet&quot;,&quot;mobile&quot;]}\">\n\t\t\t\t<div class=\"elementor-element elementor-element-f626cef elementor-widget elementor-widget-heading\" data-id=\"f626cef\" data-element_type=\"widget\" data-e-type=\"widget\" data-widget_type=\"heading.default\">\n\t\t\t\t\t<h2 class=\"elementor-heading-title elementor-size-default\">Einzigartiges aus Holz + Stahl<\/h2>\t\t\t\t<\/div>\n\t\t\t\t<div class=\"elementor-element elementor-element-863dc80 elementor-widget__width-initial elementor-widget-mobile__width-inherit elementor-widget elementor-widget-text-editor\" data-id=\"863dc80\" data-element_type=\"widget\" data-e-type=\"widget\" data-widget_type=\"text-editor.default\">\n\t\t\t\t\t\t\t\t\t<p>Manufaktur f\u00fcr einzigartige und funktionale Alltagsbegleiter in K\u00fcche und Arbeitszimmer. Jedes St\u00fcck ein Unikat &#8211; gefertigt mit Liebe zum Detail. Nachhaltige Materialien &#8211; einzeln handgefertigt aus dem Herzen Schwabens. Lasst euch inspirieren.<\/p>\t\t\t\t\t\t\t\t<\/div>\n\t\t\t\t<\/div>\n\t\t\t\t<\/div>\n\t\t\t\t<\/div>\n\t\t<div class=\"elementor-element elementor-element-e3582f5 e-flex e-con-boxed e-con e-parent\" data-id=\"e3582f5\" data-element_type=\"container\" data-e-type=\"container\">\n\t\t\t\t\t<div class=\"e-con-inner\">\n\t\t\t\t\t<\/div>\n\t\t\t\t<\/div>\n\t\t\t\t<\/div>\n\t\t","protected":false},"excerpt":{"rendered":"<p>Einzigartiges aus Holz + Stahl Manufaktur f\u00fcr einzigartige und funktionale Alltagsbegleiter in K\u00fcche und Arbeitszimmer. Jedes St\u00fcck ein Unikat &#8211; gefertigt mit Liebe zum Detail. Nachhaltige Materialien &#8211; einzeln handgefertigt aus dem Herzen Schwabens. Lasst euch inspirieren.<\/p>\n","protected":false},"author":1,"featured_media":0,"parent":0,"menu_order":0,"comment_status":"closed","ping_status":"closed","template":"elementor_theme","meta":{"inline_featured_image":false,"footnotes":""},"class_list":["post-79","page","type-page","status-publish","hentry"],"_links":{"self":[{"href":"https:\/\/www.ferraligna.de\/index.php?rest_route=\/wp\/v2\/pages\/79","targetHints":{"allow":["GET"]}}],"collection":[{"href":"https:\/\/www.ferraligna.de\/index.php?rest_route=\/wp\/v2\/pages"}],"about":[{"href":"https:\/\/www.ferraligna.de\/index.php?rest_route=\/wp\/v2\/types\/page"}],"author":[{"embeddable":true,"href":"https:\/\/www.ferraligna.de\/index.php?rest_route=\/wp\/v2\/users\/1"}],"replies":[{"embeddable":true,"href":"https:\/\/www.ferraligna.de\/index.php?rest_route=%2Fwp%2Fv2%2Fcomments&post=79"}],"version-history":[{"count":85,"href":"https:\/\/www.ferraligna.de\/index.php?rest_route=\/wp\/v2\/pages\/79\/revisions"}],"predecessor-version":[{"id":219,"href":"https:\/\/www.ferraligna.de\/index.php?rest_route=\/wp\/v2\/pages\/79\/revisions\/219"}],"wp:attachment":[{"href":"https:\/\/www.ferraligna.de\/index.php?rest_route=%2Fwp%2Fv2%2Fmedia&parent=79"}],"curies":[{"name":"wp","href":"https:\/\/api.w.org\/{rel}","templated":true}]}}